{"id":1311,"date":"2024-05-05T04:14:47","date_gmt":"2024-05-05T04:14:47","guid":{"rendered":"https:\/\/wp.xpressbuddy.com\/cryco\/?page_id=1311"},"modified":"2024-10-03T18:33:44","modified_gmt":"2024-10-03T18:33:44","slug":"contact","status":"publish","type":"page","link":"https:\/\/ikratrade.com.tr\/tr\/iletisim\/","title":{"rendered":"\u0130leti\u015fim"},"content":{"rendered":"<div data-elementor-type=\"wp-page\" data-elementor-id=\"1311\" class=\"elementor elementor-1311\" data-elementor-post-type=\"page\">\n\t\t\t\t<div class=\"elementor-element elementor-element-f81f7dc e-flex e-con-boxed e-con e-parent\" data-id=\"f81f7dc\" data-element_type=\"container\">\n\t\t\t\t\t<div class=\"e-con-inner\">\n\t\t<div class=\"elementor-element elementor-element-a072e67 e-con-full e-flex e-con e-child\" data-id=\"a072e67\" data-element_type=\"container\" data-settings=\"{&quot;motion_fx_motion_fx_scrolling&quot;:&quot;yes&quot;,&quot;motion_fx_opacity_effect&quot;:&quot;yes&quot;,&quot;motion_fx_opacity_range&quot;:{&quot;unit&quot;:&quot;%&quot;,&quot;size&quot;:&quot;&quot;,&quot;sizes&quot;:{&quot;start&quot;:9,&quot;end&quot;:47}},&quot;motion_fx_opacity_direction&quot;:&quot;out-in&quot;,&quot;motion_fx_opacity_level&quot;:{&quot;unit&quot;:&quot;px&quot;,&quot;size&quot;:10,&quot;sizes&quot;:[]},&quot;motion_fx_devices&quot;:[&quot;desktop&quot;,&quot;tablet&quot;,&quot;mobile&quot;]}\">\n\t\t\t\t<div class=\"elementor-element elementor-element-4b52d5c elementor-widget__width-inherit elementor-widget elementor-widget-int-contact-info\" data-id=\"4b52d5c\" data-element_type=\"widget\" data-settings=\"{&quot;motion_fx_motion_fx_scrolling&quot;:&quot;yes&quot;,&quot;motion_fx_translateX_effect&quot;:&quot;yes&quot;,&quot;motion_fx_translateX_direction&quot;:&quot;negative&quot;,&quot;motion_fx_translateX_affectedRange&quot;:{&quot;unit&quot;:&quot;%&quot;,&quot;size&quot;:&quot;&quot;,&quot;sizes&quot;:{&quot;start&quot;:0,&quot;end&quot;:50}},&quot;motion_fx_translateX_speed&quot;:{&quot;unit&quot;:&quot;px&quot;,&quot;size&quot;:4,&quot;sizes&quot;:[]},&quot;motion_fx_devices&quot;:[&quot;desktop&quot;,&quot;tablet&quot;,&quot;mobile&quot;]}\" data-widget_type=\"int-contact-info.default\">\n\t\t\t\t<div class=\"elementor-widget-container\">\n\t\t\t        <div class=\"contact-info__item xb-border text-center\">\r\n            <div class=\"icon\">\r\n                <svg xmlns=\"http:\/\/www.w3.org\/2000\/svg\" width=\"38\" height=\"38\" viewbox=\"0 0 38 38\" fill=\"none\"><path d=\"M28.8906 25.1385C27.649 23.9128 26.099 23.9128 24.8653 25.1385C23.9242 26.0717 22.9831 27.0049 22.0579 27.9539C21.8048 28.2148 21.5913 28.2702 21.2829 28.0962C20.6739 27.7641 20.0255 27.4952 19.4403 27.1314C16.7119 25.4153 14.4265 23.2089 12.4019 20.7258C11.3976 19.4921 10.504 18.1714 9.87923 16.6847C9.7527 16.3841 9.77642 16.1864 10.0216 15.9413C10.9627 15.0318 11.88 14.0987 12.8053 13.1655C14.0943 11.8686 14.0943 10.3502 12.7974 9.04532C12.0619 8.30195 11.3264 7.57439 10.591 6.83102C9.83178 6.07183 9.0805 5.30474 8.3134 4.55345C7.07181 3.3435 5.5218 3.3435 4.28812 4.56136C3.33913 5.49453 2.42969 6.45143 1.46488 7.36878C0.571255 8.21496 0.120487 9.25094 0.0255882 10.4609C-0.124668 12.43 0.357733 14.2885 1.03784 16.0995C2.42969 19.8479 4.54909 23.1773 7.11926 26.2299C10.591 30.358 14.7349 33.6241 19.5826 35.9807C21.7653 37.0404 24.027 37.855 26.4865 37.9894C28.1788 38.0843 29.6498 37.6573 30.8281 36.3366C31.6347 35.435 32.5442 34.6126 33.3983 33.7506C34.6636 32.4695 34.6715 30.9195 33.4141 29.6541C31.9115 28.1437 30.4011 26.6411 28.8906 25.1385Z\" fill=\"#2DD98F\"><\/path><path d=\"M27.3782 18.8353L30.2963 18.3371C29.8376 15.6562 28.5723 13.2284 26.6506 11.2988C24.6182 9.26639 22.048 7.98525 19.2169 7.58984L18.8057 10.5238C20.9962 10.8322 22.9891 11.8207 24.5628 13.3945C26.0496 14.8812 27.0223 16.7634 27.3782 18.8353Z\" fill=\"#2DD98F\"><\/path><path d=\"M31.9424 6.15064C28.5735 2.78174 24.311 0.654429 19.6056 -0.00195312L19.1943 2.932C23.2592 3.50139 26.9444 5.344 29.8546 8.24632C32.6146 11.0063 34.4256 14.4938 35.0819 18.3293L38.0001 17.8311C37.233 13.3867 35.1373 9.35347 31.9424 6.15064Z\" fill=\"#2DD98F\"><\/path><\/svg>            <\/div>\r\n                            <h3>Telefon Numaram\u0131z<\/h3>\r\n                        <p>+90 544 917 87 86<\/p>        <\/div>\r\n        \t\t<\/div>\n\t\t\t\t<\/div>\n\t\t\t\t<div class=\"elementor-element elementor-element-18c4997 elementor-widget__width-inherit elementor-widget elementor-widget-int-contact-info\" data-id=\"18c4997\" data-element_type=\"widget\" data-settings=\"{&quot;motion_fx_motion_fx_scrolling&quot;:&quot;yes&quot;,&quot;motion_fx_devices&quot;:[&quot;desktop&quot;,&quot;tablet&quot;,&quot;mobile&quot;]}\" data-widget_type=\"int-contact-info.default\">\n\t\t\t\t<div class=\"elementor-widget-container\">\n\t\t\t        <div class=\"contact-info__item xb-border text-center\">\r\n            <div class=\"icon\">\r\n                <svg xmlns=\"http:\/\/www.w3.org\/2000\/svg\" width=\"30\" height=\"40\" viewbox=\"0 0 30 40\" fill=\"none\"><path d=\"M15 0C11.0234 0.00527509 7.21113 1.58732 4.39922 4.39922C1.58732 7.21113 0.00527509 11.0234 0 15C0 25.7688 13.975 39.2563 14.5687 39.825C14.6842 39.9373 14.8389 40 15 40C15.1611 40 15.3158 39.9373 15.4312 39.825C16.025 39.2563 30 25.7688 30 15C29.9947 11.0234 28.4127 7.21113 25.6008 4.39922C22.7889 1.58732 18.9766 0.00527509 15 0ZM15 21.875C13.6403 21.875 12.311 21.4718 11.1805 20.7164C10.0499 19.9609 9.16868 18.8872 8.64833 17.631C8.12798 16.3747 7.99183 14.9924 8.2571 13.6588C8.52238 12.3251 9.17715 11.1001 10.1386 10.1386C11.1001 9.17716 12.3251 8.52238 13.6588 8.2571C14.9924 7.99183 16.3747 8.12798 17.6309 8.64833C18.8872 9.16868 19.9609 10.0499 20.7164 11.1805C21.4718 12.311 21.875 13.6403 21.875 15C21.8739 16.823 21.1492 18.5711 19.8602 19.8602C18.5711 21.1492 16.823 21.8739 15 21.875Z\" fill=\"#2DD98F\"><\/path><\/svg>            <\/div>\r\n                            <h3>Lokasyonumuz<\/h3>\r\n                        <p>Ziya G\u00f6kalp Mah. S\u00fcleyman Demirel Bul. Mall Of \u0130stanbul The Office Plaza No:7\/E Kat:13 D:103 Ba\u015fak\u015fehir \/ \u0130stanbul \/ Turkey<\/p>        <\/div>\r\n        \t\t<\/div>\n\t\t\t\t<\/div>\n\t\t\t\t<div class=\"elementor-element elementor-element-d508907 elementor-widget__width-inherit elementor-widget elementor-widget-int-contact-info\" data-id=\"d508907\" data-element_type=\"widget\" data-settings=\"{&quot;motion_fx_motion_fx_scrolling&quot;:&quot;yes&quot;,&quot;motion_fx_translateX_effect&quot;:&quot;yes&quot;,&quot;motion_fx_translateX_affectedRange&quot;:{&quot;unit&quot;:&quot;%&quot;,&quot;size&quot;:&quot;&quot;,&quot;sizes&quot;:{&quot;start&quot;:0,&quot;end&quot;:50}},&quot;motion_fx_translateX_speed&quot;:{&quot;unit&quot;:&quot;px&quot;,&quot;size&quot;:4,&quot;sizes&quot;:[]},&quot;motion_fx_devices&quot;:[&quot;desktop&quot;,&quot;tablet&quot;,&quot;mobile&quot;]}\" data-widget_type=\"int-contact-info.default\">\n\t\t\t\t<div class=\"elementor-widget-container\">\n\t\t\t        <div class=\"contact-info__item xb-border text-center\">\r\n            <div class=\"icon\">\r\n                <svg xmlns=\"http:\/\/www.w3.org\/2000\/svg\" width=\"41\" height=\"33\" viewbox=\"0 0 41 33\" fill=\"none\"><path d=\"M23.9265 21.246C22.9064 21.9574 21.7216 22.3334 20.5 22.3334C19.2785 22.3334 18.0937 21.9574 17.0736 21.246L0.272986 9.52825C0.179775 9.46324 0.0889668 9.39547 0 9.32577V28.5265C0 30.7279 1.70767 32.475 3.77432 32.475H37.2256C39.3299 32.475 40.9999 30.6886 40.9999 28.5265V9.32568C40.9108 9.39555 40.8198 9.46349 40.7264 9.52859L23.9265 21.246Z\" fill=\"#2DD98F\"><\/path><path d=\"M1.60557 7.4372L18.4062 19.155C19.0422 19.5986 19.771 19.8203 20.4999 19.8203C21.2289 19.8203 21.9578 19.5985 22.5938 19.155L39.3944 7.4372C40.3998 6.73643 41 5.56359 41 4.29777C41 2.12123 39.3074 0.350586 37.227 0.350586H3.77304C1.69261 0.35067 0 2.12132 0 4.29986C0 5.56359 0.600266 6.73643 1.60557 7.4372Z\" fill=\"#2DD98F\"><\/path><\/svg>            <\/div>\r\n                            <h3>E-Posta Adresimiz<\/h3>\r\n                        <p>info@ikratrade.com.tr<\/p>        <\/div>\r\n        \t\t<\/div>\n\t\t\t\t<\/div>\n\t\t\t\t<\/div>\n\t\t\t\t\t<\/div>\n\t\t\t\t<\/div>\n\t\t\t\t<\/div>","protected":false},"excerpt":{"rendered":"<p>Phone Number +90 544 917 87 86 Location Ziya G\u00f6kalp Mah. S\u00fcleyman Demirel Bul. Mall Of \u0130stanbul The Office Plaza No:7\/E Kat:13 D:103 Ba\u015fak\u015fehir \/ \u0130stanbul \/ Turkey Email info@ikratrade.com.tr<\/p>","protected":false},"author":1,"featured_media":0,"parent":0,"menu_order":0,"comment_status":"closed","ping_status":"closed","template":"cryco-template.php","meta":{"inline_featured_image":false,"_monsterinsights_skip_tracking":false,"_monsterinsights_sitenote_active":false,"_monsterinsights_sitenote_note":"","_monsterinsights_sitenote_category":0},"aioseo_notices":[],"_links":{"self":[{"href":"https:\/\/ikratrade.com.tr\/tr\/wp-json\/wp\/v2\/pages\/1311"}],"collection":[{"href":"https:\/\/ikratrade.com.tr\/tr\/wp-json\/wp\/v2\/pages"}],"about":[{"href":"https:\/\/ikratrade.com.tr\/tr\/wp-json\/wp\/v2\/types\/page"}],"author":[{"embeddable":true,"href":"https:\/\/ikratrade.com.tr\/tr\/wp-json\/wp\/v2\/users\/1"}],"replies":[{"embeddable":true,"href":"https:\/\/ikratrade.com.tr\/tr\/wp-json\/wp\/v2\/comments?post=1311"}],"version-history":[{"count":15,"href":"https:\/\/ikratrade.com.tr\/tr\/wp-json\/wp\/v2\/pages\/1311\/revisions"}],"predecessor-version":[{"id":2440,"href":"https:\/\/ikratrade.com.tr\/tr\/wp-json\/wp\/v2\/pages\/1311\/revisions\/2440"}],"wp:attachment":[{"href":"https:\/\/ikratrade.com.tr\/tr\/wp-json\/wp\/v2\/media?parent=1311"}],"curies":[{"name":"wp","href":"https:\/\/api.w.org\/{rel}","templated":true}]}}